{"id":232623,"date":"2026-04-13T08:21:26","date_gmt":"2026-04-13T06:21:26","guid":{"rendered":"https:\/\/www.knupshoes.com\/sk\/?post_type=product&#038;p=232623"},"modified":"2026-04-13T08:48:13","modified_gmt":"2026-04-13T06:48:13","slug":"model-422m5","status":"publish","type":"product","link":"https:\/\/www.knupshoes.com\/sk\/produkt\/model-422m5\/","title":{"rendered":"Model 422M5"},"content":{"rendered":"","protected":false},"excerpt":{"rendered":"","protected":false},"featured_media":232624,"comment_status":"open","ping_status":"closed","template":"","meta":[],"product_brand":[],"product_cat":[125,29,47,31],"product_tag":[],"class_list":{"0":"post-232623","1":"product","2":"type-product","3":"status-publish","4":"has-post-thumbnail","6":"product_cat-novinky","7":"product_cat-panska-obuv","8":"product_cat-panska-outdoorova-obuv","9":"product_cat-panske-tenisky","10":"pa_farba-podrazky-cierna","11":"pa_farba-topanky-cierna","12":"pa_farba-topanky-modra","13":"pa_farba-topanky-oranzova","14":"pa_velkost-topanky-20","15":"pa_velkost-topanky-44","16":"pa_velkost-topanky-34","17":"pa_velkost-topanky-27","18":"pa_velkost-topanky-28","19":"pa_velkost-topanky-48","21":"first","22":"instock","23":"shipping-taxable","24":"purchasable","25":"product-type-variable"},"yoast_head":"<!-- This site is optimized with the Yoast SEO plugin v27.4 - https:\/\/yoast.com\/product\/yoast-seo-wordpress\/ -->\n<title>Model 422M5 - KnupShoes<\/title>\n<meta name=\"robots\" content=\"index, follow, max-snippet:-1, max-image-preview:large, max-video-preview:-1\" \/>\n<link rel=\"canonical\" href=\"https:\/\/www.knupshoes.com\/sk\/produkt\/model-422m5\/\" \/>\n<meta property=\"og:locale\" content=\"sk_SK\" \/>\n<meta property=\"og:type\" content=\"article\" \/>\n<meta property=\"og:title\" content=\"Model 422M5 - KnupShoes\" \/>\n<meta property=\"og:url\" content=\"https:\/\/www.knupshoes.com\/sk\/produkt\/model-422m5\/\" \/>\n<meta property=\"og:site_name\" content=\"KnupShoes\" \/>\n<meta property=\"article:modified_time\" content=\"2026-04-13T06:48:13+00:00\" \/>\n<meta property=\"og:image\" content=\"https:\/\/www.knupshoes.com\/sk\/wp-content\/uploads\/2026\/04\/Photoroom_20260411_100522.jpeg\" \/>\n\t<meta property=\"og:image:width\" content=\"1800\" \/>\n\t<meta property=\"og:image:height\" content=\"2400\" \/>\n\t<meta property=\"og:image:type\" content=\"image\/jpeg\" \/>\n<meta name=\"twitter:card\" content=\"summary_large_image\" \/>\n<meta name=\"twitter:label1\" content=\"Predpokladan\u00fd \u010das \u010d\u00edtania\" \/>\n\t<meta name=\"twitter:data1\" content=\"1 min\u00fata\" \/>\n<script type=\"application\/ld+json\" class=\"yoast-schema-graph\">{\"@context\":\"https:\\\/\\\/schema.org\",\"@graph\":[{\"@type\":\"WebPage\",\"@id\":\"https:\\\/\\\/www.knupshoes.com\\\/sk\\\/produkt\\\/model-422m5\\\/\",\"url\":\"https:\\\/\\\/www.knupshoes.com\\\/sk\\\/produkt\\\/model-422m5\\\/\",\"name\":\"Model 422M5 - KnupShoes\",\"isPartOf\":{\"@id\":\"https:\\\/\\\/www.knupshoes.com\\\/sk\\\/#website\"},\"primaryImageOfPage\":{\"@id\":\"https:\\\/\\\/www.knupshoes.com\\\/sk\\\/produkt\\\/model-422m5\\\/#primaryimage\"},\"image\":{\"@id\":\"https:\\\/\\\/www.knupshoes.com\\\/sk\\\/produkt\\\/model-422m5\\\/#primaryimage\"},\"thumbnailUrl\":\"https:\\\/\\\/www.knupshoes.com\\\/sk\\\/wp-content\\\/uploads\\\/2026\\\/04\\\/Photoroom_20260411_100522.jpeg\",\"datePublished\":\"2026-04-13T06:21:26+00:00\",\"dateModified\":\"2026-04-13T06:48:13+00:00\",\"breadcrumb\":{\"@id\":\"https:\\\/\\\/www.knupshoes.com\\\/sk\\\/produkt\\\/model-422m5\\\/#breadcrumb\"},\"inLanguage\":\"sk-SK\",\"potentialAction\":[{\"@type\":\"ReadAction\",\"target\":[\"https:\\\/\\\/www.knupshoes.com\\\/sk\\\/produkt\\\/model-422m5\\\/\"]}]},{\"@type\":\"ImageObject\",\"inLanguage\":\"sk-SK\",\"@id\":\"https:\\\/\\\/www.knupshoes.com\\\/sk\\\/produkt\\\/model-422m5\\\/#primaryimage\",\"url\":\"https:\\\/\\\/www.knupshoes.com\\\/sk\\\/wp-content\\\/uploads\\\/2026\\\/04\\\/Photoroom_20260411_100522.jpeg\",\"contentUrl\":\"https:\\\/\\\/www.knupshoes.com\\\/sk\\\/wp-content\\\/uploads\\\/2026\\\/04\\\/Photoroom_20260411_100522.jpeg\",\"width\":1800,\"height\":2400},{\"@type\":\"BreadcrumbList\",\"@id\":\"https:\\\/\\\/www.knupshoes.com\\\/sk\\\/produkt\\\/model-422m5\\\/#breadcrumb\",\"itemListElement\":[{\"@type\":\"ListItem\",\"position\":1,\"name\":\"Home\",\"item\":\"https:\\\/\\\/www.knupshoes.com\\\/sk\\\/\"},{\"@type\":\"ListItem\",\"position\":2,\"name\":\"Obchod\",\"item\":\"https:\\\/\\\/www.knupshoes.com\\\/sk\\\/obchode-shop-obuv-tenisky-outdoor-turistika-trekove-tenisky-bezecke-tenisky-volnocasova-obuv-panska-damska-zimna-obuv-zateplena-pohodlna-kvalitna-dostupna-pre-kazdeho-zakaznika\\\/\"},{\"@type\":\"ListItem\",\"position\":3,\"name\":\"Model 422M5\"}]},{\"@type\":\"WebSite\",\"@id\":\"https:\\\/\\\/www.knupshoes.com\\\/sk\\\/#website\",\"url\":\"https:\\\/\\\/www.knupshoes.com\\\/sk\\\/\",\"name\":\"KnupShoes\",\"description\":\"\",\"potentialAction\":[{\"@type\":\"SearchAction\",\"target\":{\"@type\":\"EntryPoint\",\"urlTemplate\":\"https:\\\/\\\/www.knupshoes.com\\\/sk\\\/?s={search_term_string}\"},\"query-input\":{\"@type\":\"PropertyValueSpecification\",\"valueRequired\":true,\"valueName\":\"search_term_string\"}}],\"inLanguage\":\"sk-SK\"}]}<\/script>\n<!-- \/ Yoast SEO plugin. -->","yoast_head_json":{"title":"Model 422M5 - KnupShoes","robots":{"index":"index","follow":"follow","max-snippet":"max-snippet:-1","max-image-preview":"max-image-preview:large","max-video-preview":"max-video-preview:-1"},"canonical":"https:\/\/www.knupshoes.com\/sk\/produkt\/model-422m5\/","og_locale":"sk_SK","og_type":"article","og_title":"Model 422M5 - KnupShoes","og_url":"https:\/\/www.knupshoes.com\/sk\/produkt\/model-422m5\/","og_site_name":"KnupShoes","article_modified_time":"2026-04-13T06:48:13+00:00","og_image":[{"width":1800,"height":2400,"url":"https:\/\/www.knupshoes.com\/sk\/wp-content\/uploads\/2026\/04\/Photoroom_20260411_100522.jpeg","type":"image\/jpeg"}],"twitter_card":"summary_large_image","twitter_misc":{"Predpokladan\u00fd \u010das \u010d\u00edtania":"1 min\u00fata"},"schema":{"@context":"https:\/\/schema.org","@graph":[{"@type":"WebPage","@id":"https:\/\/www.knupshoes.com\/sk\/produkt\/model-422m5\/","url":"https:\/\/www.knupshoes.com\/sk\/produkt\/model-422m5\/","name":"Model 422M5 - KnupShoes","isPartOf":{"@id":"https:\/\/www.knupshoes.com\/sk\/#website"},"primaryImageOfPage":{"@id":"https:\/\/www.knupshoes.com\/sk\/produkt\/model-422m5\/#primaryimage"},"image":{"@id":"https:\/\/www.knupshoes.com\/sk\/produkt\/model-422m5\/#primaryimage"},"thumbnailUrl":"https:\/\/www.knupshoes.com\/sk\/wp-content\/uploads\/2026\/04\/Photoroom_20260411_100522.jpeg","datePublished":"2026-04-13T06:21:26+00:00","dateModified":"2026-04-13T06:48:13+00:00","breadcrumb":{"@id":"https:\/\/www.knupshoes.com\/sk\/produkt\/model-422m5\/#breadcrumb"},"inLanguage":"sk-SK","potentialAction":[{"@type":"ReadAction","target":["https:\/\/www.knupshoes.com\/sk\/produkt\/model-422m5\/"]}]},{"@type":"ImageObject","inLanguage":"sk-SK","@id":"https:\/\/www.knupshoes.com\/sk\/produkt\/model-422m5\/#primaryimage","url":"https:\/\/www.knupshoes.com\/sk\/wp-content\/uploads\/2026\/04\/Photoroom_20260411_100522.jpeg","contentUrl":"https:\/\/www.knupshoes.com\/sk\/wp-content\/uploads\/2026\/04\/Photoroom_20260411_100522.jpeg","width":1800,"height":2400},{"@type":"BreadcrumbList","@id":"https:\/\/www.knupshoes.com\/sk\/produkt\/model-422m5\/#breadcrumb","itemListElement":[{"@type":"ListItem","position":1,"name":"Home","item":"https:\/\/www.knupshoes.com\/sk\/"},{"@type":"ListItem","position":2,"name":"Obchod","item":"https:\/\/www.knupshoes.com\/sk\/obchode-shop-obuv-tenisky-outdoor-turistika-trekove-tenisky-bezecke-tenisky-volnocasova-obuv-panska-damska-zimna-obuv-zateplena-pohodlna-kvalitna-dostupna-pre-kazdeho-zakaznika\/"},{"@type":"ListItem","position":3,"name":"Model 422M5"}]},{"@type":"WebSite","@id":"https:\/\/www.knupshoes.com\/sk\/#website","url":"https:\/\/www.knupshoes.com\/sk\/","name":"KnupShoes","description":"","potentialAction":[{"@type":"SearchAction","target":{"@type":"EntryPoint","urlTemplate":"https:\/\/www.knupshoes.com\/sk\/?s={search_term_string}"},"query-input":{"@type":"PropertyValueSpecification","valueRequired":true,"valueName":"search_term_string"}}],"inLanguage":"sk-SK"}]}},"_links":{"self":[{"href":"https:\/\/www.knupshoes.com\/sk\/wp-json\/wp\/v2\/product\/232623","targetHints":{"allow":["GET"]}}],"collection":[{"href":"https:\/\/www.knupshoes.com\/sk\/wp-json\/wp\/v2\/product"}],"about":[{"href":"https:\/\/www.knupshoes.com\/sk\/wp-json\/wp\/v2\/types\/product"}],"replies":[{"embeddable":true,"href":"https:\/\/www.knupshoes.com\/sk\/wp-json\/wp\/v2\/comments?post=232623"}],"wp:featuredmedia":[{"embeddable":true,"href":"https:\/\/www.knupshoes.com\/sk\/wp-json\/wp\/v2\/media\/232624"}],"wp:attachment":[{"href":"https:\/\/www.knupshoes.com\/sk\/wp-json\/wp\/v2\/media?parent=232623"}],"wp:term":[{"taxonomy":"product_brand","embeddable":true,"href":"https:\/\/www.knupshoes.com\/sk\/wp-json\/wp\/v2\/product_brand?post=232623"},{"taxonomy":"product_cat","embeddable":true,"href":"https:\/\/www.knupshoes.com\/sk\/wp-json\/wp\/v2\/product_cat?post=232623"},{"taxonomy":"product_tag","embeddable":true,"href":"https:\/\/www.knupshoes.com\/sk\/wp-json\/wp\/v2\/product_tag?post=232623"}],"curies":[{"name":"wp","href":"https:\/\/api.w.org\/{rel}","templated":true}]}}