{"id":232374,"date":"2026-02-28T18:43:14","date_gmt":"2026-02-28T17:43:14","guid":{"rendered":"https:\/\/www.knupshoes.com\/sk\/?post_type=product&#038;p=232374"},"modified":"2026-04-22T00:40:38","modified_gmt":"2026-04-21T22:40:38","slug":"model-679m6","status":"publish","type":"product","link":"https:\/\/www.knupshoes.com\/sk\/produkt\/model-679m6\/","title":{"rendered":"Model 679M6"},"content":{"rendered":"","protected":false},"excerpt":{"rendered":"<p><a href=\"https:\/\/www.knupshoes.com\/sk\/produkt\/model-667m6\/\"><span dir=\"auto\" style=\"vertical-align: inherit;\"><span dir=\"auto\" style=\"vertical-align: inherit;\"><span dir=\"auto\" style=\"vertical-align: inherit;\"><span dir=\"auto\" style=\"vertical-align: inherit;\"><span dir=\"auto\" style=\"vertical-align: inherit;\"><span dir=\"auto\" style=\"vertical-align: inherit;\"><span dir=\"auto\" style=\"vertical-align: inherit;\"><span dir=\"auto\" style=\"vertical-align: inherit;\"><span dir=\"auto\" style=\"vertical-align: inherit;\"><span dir=\"auto\" style=\"vertical-align: inherit;\"><span dir=\"auto\" style=\"vertical-align: inherit;\"><span dir=\"auto\" style=\"vertical-align: inherit;\"><span dir=\"auto\" style=\"vertical-align: inherit;\"><span dir=\"auto\" style=\"vertical-align: inherit;\"><span dir=\"auto\" style=\"vertical-align: inherit;\"><span dir=\"auto\" style=\"vertical-align: inherit;\"><span dir=\"auto\" style=\"vertical-align: inherit;\"><span dir=\"auto\" style=\"vertical-align: inherit;\"><span dir=\"auto\" style=\"vertical-align: inherit;\"><span dir=\"auto\" style=\"vertical-align: inherit;\"><span dir=\"auto\" style=\"vertical-align: inherit;\"><span dir=\"auto\" style=\"vertical-align: inherit;\"><span dir=\"auto\" style=\"vertical-align: inherit;\"><span dir=\"auto\" style=\"vertical-align: inherit;\">Model 667M6<\/span><\/span><\/span><\/span><\/span><\/span><\/span><\/span><\/span><\/span><\/span><\/span><\/span><\/span><\/span><\/span><\/span><\/span><\/span><\/span><\/span><\/span><\/span><\/span><\/a><\/p>\n","protected":false},"featured_media":232375,"comment_status":"open","ping_status":"closed","template":"","meta":[],"product_brand":[],"product_cat":[125,29,47,31],"product_tag":[],"class_list":{"0":"post-232374","1":"product","2":"type-product","3":"status-publish","4":"has-post-thumbnail","6":"product_cat-novinky","7":"product_cat-panska-obuv","8":"product_cat-panska-outdoorova-obuv","9":"product_cat-panske-tenisky","10":"pa_farba-podrazky-cierna","11":"pa_farba-topanky-cervena","12":"pa_farba-topanky-cierna","13":"pa_velkost-topanky-20","14":"pa_velkost-topanky-44","15":"pa_velkost-topanky-34","16":"pa_velkost-topanky-27","17":"pa_velkost-topanky-28","18":"pa_velkost-topanky-48","20":"first","21":"instock","22":"shipping-taxable","23":"purchasable","24":"product-type-variable"},"yoast_head":"<!-- This site is optimized with the Yoast SEO plugin v27.4 - https:\/\/yoast.com\/product\/yoast-seo-wordpress\/ -->\n<title>Model 679M6 - KnupShoes https:\/\/www.knupshoes.com\/sk\/<\/title>\n<meta name=\"description\" content=\"Obuv e-shop Tenisky Outdoor Turistika Vo\u013eno\u010dasov\u00e1 obuv \u0160portov\u00e1 Obuv Pohodln\u00e1 kvalitn\u00e1 obuv ktor\u00fa pon\u00fakame na na\u0161ej web str\u00e1nke www.knupshoes.com\" \/>\n<meta name=\"robots\" content=\"index, follow, max-snippet:-1, max-image-preview:large, max-video-preview:-1\" \/>\n<link rel=\"canonical\" href=\"https:\/\/www.knupshoes.com\/sk\/\" \/>\n<meta property=\"og:locale\" content=\"sk_SK\" \/>\n<meta property=\"og:type\" content=\"article\" \/>\n<meta property=\"og:title\" content=\"https:\/\/www.facebook.com\/SportovaObuvAOblecenie\" \/>\n<meta property=\"og:description\" content=\"Obuv e-shop Tenisky Outdoor Turistika Vo\u013eno\u010dasov\u00e1 obuv \u0160portov\u00e1 Obuv Pohodln\u00e1 kvalitn\u00e1 obuv ktor\u00fa pon\u00fakame na na\u0161ej web str\u00e1nke www.knupshoes.com\" \/>\n<meta property=\"og:url\" content=\"https:\/\/www.knupshoes.com\/sk\/\" \/>\n<meta property=\"og:site_name\" content=\"KnupShoes\" \/>\n<meta property=\"article:modified_time\" content=\"2026-04-21T22:40:38+00:00\" \/>\n<meta property=\"og:image\" content=\"https:\/\/www.knupshoes.com\/sk\/wp-content\/uploads\/2026\/02\/484620903_1068773561957776_3592901227858959771_n.jpg\" \/>\n\t<meta property=\"og:image:width\" content=\"960\" \/>\n\t<meta property=\"og:image:height\" content=\"960\" \/>\n\t<meta property=\"og:image:type\" content=\"image\/jpeg\" \/>\n<meta name=\"twitter:card\" content=\"summary_large_image\" \/>\n<meta name=\"twitter:label1\" content=\"Predpokladan\u00fd \u010das \u010d\u00edtania\" \/>\n\t<meta name=\"twitter:data1\" content=\"1 min\u00fata\" \/>\n<script type=\"application\/ld+json\" class=\"yoast-schema-graph\">{\"@context\":\"https:\\\/\\\/schema.org\",\"@graph\":[{\"@type\":\"WebPage\",\"@id\":\"https:\\\/\\\/www.knupshoes.com\\\/sk\\\/produkt\\\/model-679m6\\\/\",\"url\":\"https:\\\/\\\/www.knupshoes.com\\\/sk\\\/\",\"name\":\"Model 679M6 - KnupShoes https:\\\/\\\/www.knupshoes.com\\\/sk\\\/\",\"isPartOf\":{\"@id\":\"https:\\\/\\\/www.knupshoes.com\\\/sk\\\/#website\"},\"primaryImageOfPage\":{\"@id\":\"https:\\\/\\\/www.knupshoes.com\\\/sk\\\/#primaryimage\"},\"image\":{\"@id\":\"https:\\\/\\\/www.knupshoes.com\\\/sk\\\/#primaryimage\"},\"thumbnailUrl\":\"https:\\\/\\\/www.knupshoes.com\\\/sk\\\/wp-content\\\/uploads\\\/2026\\\/02\\\/IMG_0886.jpeg\",\"datePublished\":\"2026-02-28T17:43:14+00:00\",\"dateModified\":\"2026-04-21T22:40:38+00:00\",\"description\":\"Obuv e-shop Tenisky Outdoor Turistika Vo\u013eno\u010dasov\u00e1 obuv \u0160portov\u00e1 Obuv Pohodln\u00e1 kvalitn\u00e1 obuv ktor\u00fa pon\u00fakame na na\u0161ej web str\u00e1nke www.knupshoes.com\",\"breadcrumb\":{\"@id\":\"https:\\\/\\\/www.knupshoes.com\\\/sk\\\/#breadcrumb\"},\"inLanguage\":\"sk-SK\",\"potentialAction\":[{\"@type\":\"ReadAction\",\"target\":[\"https:\\\/\\\/www.knupshoes.com\\\/sk\\\/\"]}]},{\"@type\":\"ImageObject\",\"inLanguage\":\"sk-SK\",\"@id\":\"https:\\\/\\\/www.knupshoes.com\\\/sk\\\/#primaryimage\",\"url\":\"https:\\\/\\\/www.knupshoes.com\\\/sk\\\/wp-content\\\/uploads\\\/2026\\\/02\\\/IMG_0886.jpeg\",\"contentUrl\":\"https:\\\/\\\/www.knupshoes.com\\\/sk\\\/wp-content\\\/uploads\\\/2026\\\/02\\\/IMG_0886.jpeg\",\"width\":2400,\"height\":1800,\"caption\":\"Obuv Tenisky Outdoor\"},{\"@type\":\"BreadcrumbList\",\"@id\":\"https:\\\/\\\/www.knupshoes.com\\\/sk\\\/#breadcrumb\",\"itemListElement\":[{\"@type\":\"ListItem\",\"position\":1,\"name\":\"Home\",\"item\":\"https:\\\/\\\/www.knupshoes.com\\\/sk\\\/\"},{\"@type\":\"ListItem\",\"position\":2,\"name\":\"Obchod\",\"item\":\"https:\\\/\\\/www.knupshoes.com\\\/sk\\\/obchode-shop-obuv-tenisky-outdoor-turistika-trekove-tenisky-bezecke-tenisky-volnocasova-obuv-panska-damska-zimna-obuv-zateplena-pohodlna-kvalitna-dostupna-pre-kazdeho-zakaznika\\\/\"},{\"@type\":\"ListItem\",\"position\":3,\"name\":\"Model 679M6\"}]},{\"@type\":\"WebSite\",\"@id\":\"https:\\\/\\\/www.knupshoes.com\\\/sk\\\/#website\",\"url\":\"https:\\\/\\\/www.knupshoes.com\\\/sk\\\/\",\"name\":\"KnupShoes\",\"description\":\"\",\"potentialAction\":[{\"@type\":\"SearchAction\",\"target\":{\"@type\":\"EntryPoint\",\"urlTemplate\":\"https:\\\/\\\/www.knupshoes.com\\\/sk\\\/?s={search_term_string}\"},\"query-input\":{\"@type\":\"PropertyValueSpecification\",\"valueRequired\":true,\"valueName\":\"search_term_string\"}}],\"inLanguage\":\"sk-SK\"}]}<\/script>\n<!-- \/ Yoast SEO plugin. -->","yoast_head_json":{"title":"Model 679M6 - KnupShoes https:\/\/www.knupshoes.com\/sk\/","description":"Obuv e-shop Tenisky Outdoor Turistika Vo\u013eno\u010dasov\u00e1 obuv \u0160portov\u00e1 Obuv Pohodln\u00e1 kvalitn\u00e1 obuv ktor\u00fa pon\u00fakame na na\u0161ej web str\u00e1nke www.knupshoes.com","robots":{"index":"index","follow":"follow","max-snippet":"max-snippet:-1","max-image-preview":"max-image-preview:large","max-video-preview":"max-video-preview:-1"},"canonical":"https:\/\/www.knupshoes.com\/sk\/","og_locale":"sk_SK","og_type":"article","og_title":"https:\/\/www.facebook.com\/SportovaObuvAOblecenie","og_description":"Obuv e-shop Tenisky Outdoor Turistika Vo\u013eno\u010dasov\u00e1 obuv \u0160portov\u00e1 Obuv Pohodln\u00e1 kvalitn\u00e1 obuv ktor\u00fa pon\u00fakame na na\u0161ej web str\u00e1nke www.knupshoes.com","og_url":"https:\/\/www.knupshoes.com\/sk\/","og_site_name":"KnupShoes","article_modified_time":"2026-04-21T22:40:38+00:00","og_image":[{"width":960,"height":960,"url":"https:\/\/www.knupshoes.com\/sk\/wp-content\/uploads\/2026\/02\/484620903_1068773561957776_3592901227858959771_n.jpg","type":"image\/jpeg"}],"twitter_card":"summary_large_image","twitter_misc":{"Predpokladan\u00fd \u010das \u010d\u00edtania":"1 min\u00fata"},"schema":{"@context":"https:\/\/schema.org","@graph":[{"@type":"WebPage","@id":"https:\/\/www.knupshoes.com\/sk\/produkt\/model-679m6\/","url":"https:\/\/www.knupshoes.com\/sk\/","name":"Model 679M6 - KnupShoes https:\/\/www.knupshoes.com\/sk\/","isPartOf":{"@id":"https:\/\/www.knupshoes.com\/sk\/#website"},"primaryImageOfPage":{"@id":"https:\/\/www.knupshoes.com\/sk\/#primaryimage"},"image":{"@id":"https:\/\/www.knupshoes.com\/sk\/#primaryimage"},"thumbnailUrl":"https:\/\/www.knupshoes.com\/sk\/wp-content\/uploads\/2026\/02\/IMG_0886.jpeg","datePublished":"2026-02-28T17:43:14+00:00","dateModified":"2026-04-21T22:40:38+00:00","description":"Obuv e-shop Tenisky Outdoor Turistika Vo\u013eno\u010dasov\u00e1 obuv \u0160portov\u00e1 Obuv Pohodln\u00e1 kvalitn\u00e1 obuv ktor\u00fa pon\u00fakame na na\u0161ej web str\u00e1nke www.knupshoes.com","breadcrumb":{"@id":"https:\/\/www.knupshoes.com\/sk\/#breadcrumb"},"inLanguage":"sk-SK","potentialAction":[{"@type":"ReadAction","target":["https:\/\/www.knupshoes.com\/sk\/"]}]},{"@type":"ImageObject","inLanguage":"sk-SK","@id":"https:\/\/www.knupshoes.com\/sk\/#primaryimage","url":"https:\/\/www.knupshoes.com\/sk\/wp-content\/uploads\/2026\/02\/IMG_0886.jpeg","contentUrl":"https:\/\/www.knupshoes.com\/sk\/wp-content\/uploads\/2026\/02\/IMG_0886.jpeg","width":2400,"height":1800,"caption":"Obuv Tenisky Outdoor"},{"@type":"BreadcrumbList","@id":"https:\/\/www.knupshoes.com\/sk\/#breadcrumb","itemListElement":[{"@type":"ListItem","position":1,"name":"Home","item":"https:\/\/www.knupshoes.com\/sk\/"},{"@type":"ListItem","position":2,"name":"Obchod","item":"https:\/\/www.knupshoes.com\/sk\/obchode-shop-obuv-tenisky-outdoor-turistika-trekove-tenisky-bezecke-tenisky-volnocasova-obuv-panska-damska-zimna-obuv-zateplena-pohodlna-kvalitna-dostupna-pre-kazdeho-zakaznika\/"},{"@type":"ListItem","position":3,"name":"Model 679M6"}]},{"@type":"WebSite","@id":"https:\/\/www.knupshoes.com\/sk\/#website","url":"https:\/\/www.knupshoes.com\/sk\/","name":"KnupShoes","description":"","potentialAction":[{"@type":"SearchAction","target":{"@type":"EntryPoint","urlTemplate":"https:\/\/www.knupshoes.com\/sk\/?s={search_term_string}"},"query-input":{"@type":"PropertyValueSpecification","valueRequired":true,"valueName":"search_term_string"}}],"inLanguage":"sk-SK"}]}},"_links":{"self":[{"href":"https:\/\/www.knupshoes.com\/sk\/wp-json\/wp\/v2\/product\/232374","targetHints":{"allow":["GET"]}}],"collection":[{"href":"https:\/\/www.knupshoes.com\/sk\/wp-json\/wp\/v2\/product"}],"about":[{"href":"https:\/\/www.knupshoes.com\/sk\/wp-json\/wp\/v2\/types\/product"}],"replies":[{"embeddable":true,"href":"https:\/\/www.knupshoes.com\/sk\/wp-json\/wp\/v2\/comments?post=232374"}],"wp:featuredmedia":[{"embeddable":true,"href":"https:\/\/www.knupshoes.com\/sk\/wp-json\/wp\/v2\/media\/232375"}],"wp:attachment":[{"href":"https:\/\/www.knupshoes.com\/sk\/wp-json\/wp\/v2\/media?parent=232374"}],"wp:term":[{"taxonomy":"product_brand","embeddable":true,"href":"https:\/\/www.knupshoes.com\/sk\/wp-json\/wp\/v2\/product_brand?post=232374"},{"taxonomy":"product_cat","embeddable":true,"href":"https:\/\/www.knupshoes.com\/sk\/wp-json\/wp\/v2\/product_cat?post=232374"},{"taxonomy":"product_tag","embeddable":true,"href":"https:\/\/www.knupshoes.com\/sk\/wp-json\/wp\/v2\/product_tag?post=232374"}],"curies":[{"name":"wp","href":"https:\/\/api.w.org\/{rel}","templated":true}]}}