{"id":219353,"date":"2020-04-17T00:00:00","date_gmt":"2020-04-16T22:00:00","guid":{"rendered":"https:\/\/www.knupshoes.com\/sk\/produkt\/i-cax-model-4987m2\/"},"modified":"2025-12-16T22:38:08","modified_gmt":"2025-12-16T21:38:08","slug":"i-cax-model-4987m2","status":"publish","type":"product","link":"https:\/\/www.knupshoes.com\/sk\/produkt\/i-cax-model-4987m2\/","title":{"rendered":"I-CAX &#8211; model 4987M2"},"content":{"rendered":"<p><span style=\"color: #000000;\"><strong>Obuv je prim\u00e1rne ur\u010den\u00e1 na nespevnen\u00e9 cesty, na \u013eahk\u00fa turistiku, do ter\u00e9nu a do pr\u00edrody, ale s\u00fa vhodn\u00e9 aj na be\u017en\u00e9 nosenie, alebo vo\u013eno\u010dasov\u00e9 aktivity. Vyzna\u010duj\u00fa sa dlhou \u017eivotnos\u0165ou, vysokou kvalitou a vzdu\u0161nos\u0165ou. S\u00fa \u013eahk\u00e9, ale z\u00e1rove\u0148 pevn\u00e9. \u0160irok\u00e1 podr\u00e1\u017eka umo\u017e\u0148uje v\u00fdborn\u00fa stabilitu a zvr\u0161ok zasa ochranu \u2013 bezpe\u010dnos\u0165.<\/strong><\/span><\/p>\n<p><strong>Ve\u013ekostn\u00e1 tabu\u013eka d\u00e1mske:<\/strong><\/p>\n<table border=\"1\">\n<tbody>\n<tr>\n<td>36<\/td>\n<td>37<\/td>\n<td>38<\/td>\n<td>39<\/td>\n<td>40<\/td>\n<td>41<\/td>\n<\/tr>\n<tr>\n<td>22.5cm<\/td>\n<td>23cm<\/td>\n<td>23.5cm<\/td>\n<td>24.5cm<\/td>\n<td>25.5cm<\/td>\n<td>26cm<\/td>\n<\/tr>\n<\/tbody>\n<\/table>\n<p><strong>Ve\u013ekostn\u00e1 tabu\u013eka p\u00e1nske:<\/strong><\/p>\n<table border=\"1\">\n<tbody>\n<tr>\n<td>41<\/td>\n<td>42<\/td>\n<td>43<\/td>\n<td>44<\/td>\n<td>45<\/td>\n<td>46<\/td>\n<\/tr>\n<tr>\n<td>26cm<\/td>\n<td>26.5cm<\/td>\n<td>27.5cm<\/td>\n<td>28cm<\/td>\n<td>29cm<\/td>\n<td>30cm<\/td>\n<\/tr>\n<\/tbody>\n<\/table>\n<table border=\"1\">\n<tbody>\n<tr>\n<td>47<\/td>\n<td>48<\/td>\n<td>49<\/td>\n<\/tr>\n<tr>\n<td>30,5cm<\/td>\n<td>31cm<\/td>\n<td>31,5cm<\/td>\n<\/tr>\n<\/tbody>\n<\/table>\n","protected":false},"excerpt":{"rendered":"<p><strong>Ve\u013ekostn\u00e1 tabu\u013eka d\u00e1mske:<\/strong><\/p>\n<table border=\"1\">\n<tbody>\n<tr>\n<td>36<\/td>\n<td>37<\/td>\n<td>38<\/td>\n<td>39<\/td>\n<td>40<\/td>\n<td>41<\/td>\n<\/tr>\n<tr>\n<td>22.5cm<\/td>\n<td>23cm<\/td>\n<td>23.5cm<\/td>\n<td>24.5cm<\/td>\n<td>25.5cm<\/td>\n<td>26cm<\/td>\n<\/tr>\n<\/tbody>\n<\/table>\n<p><strong>Ve\u013ekostn\u00e1 tabu\u013eka p\u00e1nske:<\/strong><\/p>\n<table border=\"1\">\n<tbody>\n<tr>\n<td>41<\/td>\n<td>42<\/td>\n<td>43<\/td>\n<td>44<\/td>\n<td>45<\/td>\n<td>46<\/td>\n<\/tr>\n<tr>\n<td>26cm<\/td>\n<td>26.5cm<\/td>\n<td>27.5cm<\/td>\n<td>28cm<\/td>\n<td>29cm<\/td>\n<td>30cm<\/td>\n<\/tr>\n<\/tbody>\n<\/table>\n<table border=\"1\">\n<tbody>\n<tr>\n<td>47<\/td>\n<td>48<\/td>\n<td>49<\/td>\n<\/tr>\n<tr>\n<td>30,5cm<\/td>\n<td>31cm<\/td>\n<td>31,5cm<\/td>\n<\/tr>\n<\/tbody>\n<\/table>\n<p><span style=\"color: #000000;\"><strong>Obuv je prim\u00e1rne ur\u010den\u00e1 na nespevnen\u00e9 cesty, na \u013eahk\u00fa turistiku, do ter\u00e9nu a do pr\u00edrody, ale s\u00fa vhodn\u00e9 aj na be\u017en\u00e9 nosenie, alebo vo\u013eno\u010dasov\u00e9 aktivity. Vyzna\u010duj\u00fa sa dlhou \u017eivotnos\u0165ou, vysokou kvalitou a vzdu\u0161nos\u0165ou. S\u00fa \u013eahk\u00e9, ale z\u00e1rove\u0148 pevn\u00e9. \u0160irok\u00e1 podr\u00e1\u017eka umo\u017e\u0148uje v\u00fdborn\u00fa stabilitu a zvr\u0161ok zasa ochranu \u2013 bezpe\u010dnos\u0165.<\/strong><\/span><\/p>\n","protected":false},"featured_media":209063,"comment_status":"closed","ping_status":"open","template":"","meta":[],"product_brand":[],"product_cat":[21,51,29,47],"product_tag":[],"class_list":{"0":"post-219353","1":"product","2":"type-product","3":"status-publish","4":"has-post-thumbnail","6":"product_cat-damska-obuv","7":"product_cat-damska-outdoorova-obuv","8":"product_cat-panska-obuv","9":"product_cat-panska-outdoorova-obuv","10":"pa_farba-podrazky-cierna","11":"pa_farba-topanky-cierna","12":"pa_velkost-topanky-26","13":"pa_velkost-topanky-19","14":"pa_velkost-topanky-36","15":"pa_velkost-topanky-58","16":"pa_velkost-topanky-33","17":"pa_velkost-topanky-20","18":"pa_velkost-topanky-44","19":"pa_velkost-topanky-34","20":"pa_velkost-topanky-27","21":"pa_velkost-topanky-28","22":"pa_velkost-topanky-48","23":"pa_velkost-topanky-49","24":"pa_velkost-topanky-85","26":"first","27":"instock","28":"shipping-taxable","29":"purchasable","30":"product-type-variable"},"yoast_head":"<!-- This site is optimized with the Yoast SEO plugin v27.5 - https:\/\/yoast.com\/product\/yoast-seo-wordpress\/ -->\n<title>I-CAX - model 4987M2 - KnupShoes<\/title>\n<meta name=\"robots\" content=\"index, follow, max-snippet:-1, max-image-preview:large, max-video-preview:-1\" \/>\n<link rel=\"canonical\" href=\"https:\/\/www.knupshoes.com\/sk\/produkt\/i-cax-model-4987m2\/\" \/>\n<meta property=\"og:locale\" content=\"sk_SK\" \/>\n<meta property=\"og:type\" content=\"article\" \/>\n<meta property=\"og:title\" content=\"I-CAX - model 4987M2 - KnupShoes\" \/>\n<meta property=\"og:description\" content=\"Ve\u013ekostn\u00e1 tabu\u013eka d\u00e1mske:  36 37 38 39 40 41  22.5cm 23cm 23.5cm 24.5cm 25.5cm 26cm   Ve\u013ekostn\u00e1 tabu\u013eka p\u00e1nske:  41 42 43 44 45 46  26cm 26.5cm 27.5cm 28cm 29cm 30cm    47 48 49  30,5cm 31cm 31,5cm   Obuv je prim\u00e1rne ur\u010den\u00e1 na nespevnen\u00e9 cesty, na \u013eahk\u00fa turistiku, do ter\u00e9nu a do pr\u00edrody, ale s\u00fa vhodn\u00e9 aj na be\u017en\u00e9 nosenie, alebo vo\u013eno\u010dasov\u00e9 aktivity. Vyzna\u010duj\u00fa sa dlhou \u017eivotnos\u0165ou, vysokou kvalitou a vzdu\u0161nos\u0165ou. S\u00fa \u013eahk\u00e9, ale z\u00e1rove\u0148 pevn\u00e9. \u0160irok\u00e1 podr\u00e1\u017eka umo\u017e\u0148uje v\u00fdborn\u00fa stabilitu a zvr\u0161ok zasa ochranu \u2013 bezpe\u010dnos\u0165.\" \/>\n<meta property=\"og:url\" content=\"https:\/\/www.knupshoes.com\/sk\/produkt\/i-cax-model-4987m2\/\" \/>\n<meta property=\"og:site_name\" content=\"KnupShoes\" \/>\n<meta property=\"article:modified_time\" content=\"2025-12-16T21:38:08+00:00\" \/>\n<meta property=\"og:image\" content=\"https:\/\/www.knupshoes.com\/sk\/wp-content\/uploads\/2023\/06\/1114.jpg\" \/>\n\t<meta property=\"og:image:width\" content=\"2073\" \/>\n\t<meta property=\"og:image:height\" content=\"2073\" \/>\n\t<meta property=\"og:image:type\" content=\"image\/jpeg\" \/>\n<meta name=\"twitter:card\" content=\"summary_large_image\" \/>\n<meta name=\"twitter:label1\" content=\"Predpokladan\u00fd \u010das \u010d\u00edtania\" \/>\n\t<meta name=\"twitter:data1\" content=\"1 min\u00fata\" \/>\n<script type=\"application\/ld+json\" class=\"yoast-schema-graph\">{\"@context\":\"https:\\\/\\\/schema.org\",\"@graph\":[{\"@type\":\"WebPage\",\"@id\":\"https:\\\/\\\/www.knupshoes.com\\\/sk\\\/produkt\\\/i-cax-model-4987m2\\\/\",\"url\":\"https:\\\/\\\/www.knupshoes.com\\\/sk\\\/produkt\\\/i-cax-model-4987m2\\\/\",\"name\":\"I-CAX - model 4987M2 - KnupShoes\",\"isPartOf\":{\"@id\":\"https:\\\/\\\/www.knupshoes.com\\\/sk\\\/#website\"},\"primaryImageOfPage\":{\"@id\":\"https:\\\/\\\/www.knupshoes.com\\\/sk\\\/produkt\\\/i-cax-model-4987m2\\\/#primaryimage\"},\"image\":{\"@id\":\"https:\\\/\\\/www.knupshoes.com\\\/sk\\\/produkt\\\/i-cax-model-4987m2\\\/#primaryimage\"},\"thumbnailUrl\":\"https:\\\/\\\/www.knupshoes.com\\\/sk\\\/wp-content\\\/uploads\\\/2023\\\/06\\\/1114.jpg\",\"datePublished\":\"2020-04-16T22:00:00+00:00\",\"dateModified\":\"2025-12-16T21:38:08+00:00\",\"breadcrumb\":{\"@id\":\"https:\\\/\\\/www.knupshoes.com\\\/sk\\\/produkt\\\/i-cax-model-4987m2\\\/#breadcrumb\"},\"inLanguage\":\"sk-SK\",\"potentialAction\":[{\"@type\":\"ReadAction\",\"target\":[\"https:\\\/\\\/www.knupshoes.com\\\/sk\\\/produkt\\\/i-cax-model-4987m2\\\/\"]}]},{\"@type\":\"ImageObject\",\"inLanguage\":\"sk-SK\",\"@id\":\"https:\\\/\\\/www.knupshoes.com\\\/sk\\\/produkt\\\/i-cax-model-4987m2\\\/#primaryimage\",\"url\":\"https:\\\/\\\/www.knupshoes.com\\\/sk\\\/wp-content\\\/uploads\\\/2023\\\/06\\\/1114.jpg\",\"contentUrl\":\"https:\\\/\\\/www.knupshoes.com\\\/sk\\\/wp-content\\\/uploads\\\/2023\\\/06\\\/1114.jpg\",\"width\":2073,\"height\":2073,\"caption\":\"I-CAX - model 4987M2\"},{\"@type\":\"BreadcrumbList\",\"@id\":\"https:\\\/\\\/www.knupshoes.com\\\/sk\\\/produkt\\\/i-cax-model-4987m2\\\/#breadcrumb\",\"itemListElement\":[{\"@type\":\"ListItem\",\"position\":1,\"name\":\"Home\",\"item\":\"https:\\\/\\\/www.knupshoes.com\\\/sk\\\/\"},{\"@type\":\"ListItem\",\"position\":2,\"name\":\"Obchod\",\"item\":\"https:\\\/\\\/www.knupshoes.com\\\/sk\\\/obchode-shop-obuv-tenisky-outdoor-turistika-trekove-tenisky-bezecke-tenisky-volnocasova-obuv-panska-damska-zimna-obuv-zateplena-pohodlna-kvalitna-dostupna-pre-kazdeho-zakaznika\\\/\"},{\"@type\":\"ListItem\",\"position\":3,\"name\":\"I-CAX &#8211; model 4987M2\"}]},{\"@type\":\"WebSite\",\"@id\":\"https:\\\/\\\/www.knupshoes.com\\\/sk\\\/#website\",\"url\":\"https:\\\/\\\/www.knupshoes.com\\\/sk\\\/\",\"name\":\"KnupShoes\",\"description\":\"\",\"potentialAction\":[{\"@type\":\"SearchAction\",\"target\":{\"@type\":\"EntryPoint\",\"urlTemplate\":\"https:\\\/\\\/www.knupshoes.com\\\/sk\\\/?s={search_term_string}\"},\"query-input\":{\"@type\":\"PropertyValueSpecification\",\"valueRequired\":true,\"valueName\":\"search_term_string\"}}],\"inLanguage\":\"sk-SK\"}]}<\/script>\n<!-- \/ Yoast SEO plugin. -->","yoast_head_json":{"title":"I-CAX - model 4987M2 - KnupShoes","robots":{"index":"index","follow":"follow","max-snippet":"max-snippet:-1","max-image-preview":"max-image-preview:large","max-video-preview":"max-video-preview:-1"},"canonical":"https:\/\/www.knupshoes.com\/sk\/produkt\/i-cax-model-4987m2\/","og_locale":"sk_SK","og_type":"article","og_title":"I-CAX - model 4987M2 - KnupShoes","og_description":"Ve\u013ekostn\u00e1 tabu\u013eka d\u00e1mske:  36 37 38 39 40 41  22.5cm 23cm 23.5cm 24.5cm 25.5cm 26cm   Ve\u013ekostn\u00e1 tabu\u013eka p\u00e1nske:  41 42 43 44 45 46  26cm 26.5cm 27.5cm 28cm 29cm 30cm    47 48 49  30,5cm 31cm 31,5cm   Obuv je prim\u00e1rne ur\u010den\u00e1 na nespevnen\u00e9 cesty, na \u013eahk\u00fa turistiku, do ter\u00e9nu a do pr\u00edrody, ale s\u00fa vhodn\u00e9 aj na be\u017en\u00e9 nosenie, alebo vo\u013eno\u010dasov\u00e9 aktivity. Vyzna\u010duj\u00fa sa dlhou \u017eivotnos\u0165ou, vysokou kvalitou a vzdu\u0161nos\u0165ou. S\u00fa \u013eahk\u00e9, ale z\u00e1rove\u0148 pevn\u00e9. \u0160irok\u00e1 podr\u00e1\u017eka umo\u017e\u0148uje v\u00fdborn\u00fa stabilitu a zvr\u0161ok zasa ochranu \u2013 bezpe\u010dnos\u0165.","og_url":"https:\/\/www.knupshoes.com\/sk\/produkt\/i-cax-model-4987m2\/","og_site_name":"KnupShoes","article_modified_time":"2025-12-16T21:38:08+00:00","og_image":[{"width":2073,"height":2073,"url":"https:\/\/www.knupshoes.com\/sk\/wp-content\/uploads\/2023\/06\/1114.jpg","type":"image\/jpeg"}],"twitter_card":"summary_large_image","twitter_misc":{"Predpokladan\u00fd \u010das \u010d\u00edtania":"1 min\u00fata"},"schema":{"@context":"https:\/\/schema.org","@graph":[{"@type":"WebPage","@id":"https:\/\/www.knupshoes.com\/sk\/produkt\/i-cax-model-4987m2\/","url":"https:\/\/www.knupshoes.com\/sk\/produkt\/i-cax-model-4987m2\/","name":"I-CAX - model 4987M2 - KnupShoes","isPartOf":{"@id":"https:\/\/www.knupshoes.com\/sk\/#website"},"primaryImageOfPage":{"@id":"https:\/\/www.knupshoes.com\/sk\/produkt\/i-cax-model-4987m2\/#primaryimage"},"image":{"@id":"https:\/\/www.knupshoes.com\/sk\/produkt\/i-cax-model-4987m2\/#primaryimage"},"thumbnailUrl":"https:\/\/www.knupshoes.com\/sk\/wp-content\/uploads\/2023\/06\/1114.jpg","datePublished":"2020-04-16T22:00:00+00:00","dateModified":"2025-12-16T21:38:08+00:00","breadcrumb":{"@id":"https:\/\/www.knupshoes.com\/sk\/produkt\/i-cax-model-4987m2\/#breadcrumb"},"inLanguage":"sk-SK","potentialAction":[{"@type":"ReadAction","target":["https:\/\/www.knupshoes.com\/sk\/produkt\/i-cax-model-4987m2\/"]}]},{"@type":"ImageObject","inLanguage":"sk-SK","@id":"https:\/\/www.knupshoes.com\/sk\/produkt\/i-cax-model-4987m2\/#primaryimage","url":"https:\/\/www.knupshoes.com\/sk\/wp-content\/uploads\/2023\/06\/1114.jpg","contentUrl":"https:\/\/www.knupshoes.com\/sk\/wp-content\/uploads\/2023\/06\/1114.jpg","width":2073,"height":2073,"caption":"I-CAX - model 4987M2"},{"@type":"BreadcrumbList","@id":"https:\/\/www.knupshoes.com\/sk\/produkt\/i-cax-model-4987m2\/#breadcrumb","itemListElement":[{"@type":"ListItem","position":1,"name":"Home","item":"https:\/\/www.knupshoes.com\/sk\/"},{"@type":"ListItem","position":2,"name":"Obchod","item":"https:\/\/www.knupshoes.com\/sk\/obchode-shop-obuv-tenisky-outdoor-turistika-trekove-tenisky-bezecke-tenisky-volnocasova-obuv-panska-damska-zimna-obuv-zateplena-pohodlna-kvalitna-dostupna-pre-kazdeho-zakaznika\/"},{"@type":"ListItem","position":3,"name":"I-CAX &#8211; model 4987M2"}]},{"@type":"WebSite","@id":"https:\/\/www.knupshoes.com\/sk\/#website","url":"https:\/\/www.knupshoes.com\/sk\/","name":"KnupShoes","description":"","potentialAction":[{"@type":"SearchAction","target":{"@type":"EntryPoint","urlTemplate":"https:\/\/www.knupshoes.com\/sk\/?s={search_term_string}"},"query-input":{"@type":"PropertyValueSpecification","valueRequired":true,"valueName":"search_term_string"}}],"inLanguage":"sk-SK"}]}},"_links":{"self":[{"href":"https:\/\/www.knupshoes.com\/sk\/wp-json\/wp\/v2\/product\/219353","targetHints":{"allow":["GET"]}}],"collection":[{"href":"https:\/\/www.knupshoes.com\/sk\/wp-json\/wp\/v2\/product"}],"about":[{"href":"https:\/\/www.knupshoes.com\/sk\/wp-json\/wp\/v2\/types\/product"}],"replies":[{"embeddable":true,"href":"https:\/\/www.knupshoes.com\/sk\/wp-json\/wp\/v2\/comments?post=219353"}],"wp:featuredmedia":[{"embeddable":true,"href":"https:\/\/www.knupshoes.com\/sk\/wp-json\/wp\/v2\/media\/209063"}],"wp:attachment":[{"href":"https:\/\/www.knupshoes.com\/sk\/wp-json\/wp\/v2\/media?parent=219353"}],"wp:term":[{"taxonomy":"product_brand","embeddable":true,"href":"https:\/\/www.knupshoes.com\/sk\/wp-json\/wp\/v2\/product_brand?post=219353"},{"taxonomy":"product_cat","embeddable":true,"href":"https:\/\/www.knupshoes.com\/sk\/wp-json\/wp\/v2\/product_cat?post=219353"},{"taxonomy":"product_tag","embeddable":true,"href":"https:\/\/www.knupshoes.com\/sk\/wp-json\/wp\/v2\/product_tag?post=219353"}],"curies":[{"name":"wp","href":"https:\/\/api.w.org\/{rel}","templated":true}]}}