{"id":217924,"date":"2026-03-12T00:00:00","date_gmt":"2026-03-11T23:00:00","guid":{"rendered":"https:\/\/www.knupshoes.com\/sk\/produkt\/model-667m5\/"},"modified":"2026-04-10T23:48:56","modified_gmt":"2026-04-10T21:48:56","slug":"model-667m5","status":"publish","type":"product","link":"https:\/\/www.knupshoes.com\/sk\/produkt\/model-667m5\/","title":{"rendered":"Model 667M5"},"content":{"rendered":"","protected":false},"excerpt":{"rendered":"","protected":false},"featured_media":207529,"comment_status":"closed","ping_status":"closed","template":"","meta":[],"product_brand":[],"product_cat":[123,29,47,31],"product_tag":[],"class_list":{"0":"post-217924","1":"product","2":"type-product","3":"status-publish","4":"has-post-thumbnail","6":"product_cat-novinka","7":"product_cat-panska-obuv","8":"product_cat-panska-outdoorova-obuv","9":"product_cat-panske-tenisky","10":"pa_farba-podrazky-cierna","11":"pa_farba-topanky-cervena","12":"pa_farba-topanky-cierna","13":"pa_velkost-topanky-20","14":"pa_velkost-topanky-44","15":"pa_velkost-topanky-34","16":"pa_velkost-topanky-27","17":"pa_velkost-topanky-28","18":"pa_velkost-topanky-48","20":"first","21":"instock","22":"shipping-taxable","23":"purchasable","24":"product-type-variable"},"yoast_head":"<!-- This site is optimized with the Yoast SEO plugin v27.4 - https:\/\/yoast.com\/product\/yoast-seo-wordpress\/ -->\n<title>Model 667M5 - KnupShoes<\/title>\n<meta name=\"description\" content=\"Obuv e-shop Tenisky Outdoor Turistika Vo\u013eno\u010dasov\u00e1 obuv \u0160portov\u00e1 Obuv Pohodln\u00e1 kvalitn\u00e1 obuv ktor\u00fa pon\u00fakame na na\u0161ej web str\u00e1nke www.knupshoes.com\" \/>\n<meta name=\"robots\" content=\"index, follow, max-snippet:-1, max-image-preview:large, max-video-preview:-1\" \/>\n<link rel=\"canonical\" href=\"https:\/\/www.knupshoes.com\/sk\/produkt\/model-667m5\/\" \/>\n<meta property=\"og:locale\" content=\"sk_SK\" \/>\n<meta property=\"og:type\" content=\"article\" \/>\n<meta property=\"og:title\" content=\"Model 667M5 - KnupShoes\" \/>\n<meta property=\"og:description\" content=\"Obuv e-shop Tenisky Outdoor Turistika Vo\u013eno\u010dasov\u00e1 obuv \u0160portov\u00e1 Obuv Pohodln\u00e1 kvalitn\u00e1 obuv ktor\u00fa pon\u00fakame na na\u0161ej web str\u00e1nke www.knupshoes.com\" \/>\n<meta property=\"og:url\" content=\"https:\/\/www.knupshoes.com\/sk\/produkt\/model-667m5\/\" \/>\n<meta property=\"og:site_name\" content=\"KnupShoes\" \/>\n<meta property=\"article:modified_time\" content=\"2026-04-10T21:48:56+00:00\" \/>\n<meta property=\"og:image\" content=\"https:\/\/www.knupshoes.com\/sk\/wp-content\/uploads\/2023\/06\/1416-scaled.jpg\" \/>\n\t<meta property=\"og:image:width\" content=\"2560\" \/>\n\t<meta property=\"og:image:height\" content=\"1920\" \/>\n\t<meta property=\"og:image:type\" content=\"image\/jpeg\" \/>\n<meta name=\"twitter:card\" content=\"summary_large_image\" \/>\n<meta name=\"twitter:label1\" content=\"Predpokladan\u00fd \u010das \u010d\u00edtania\" \/>\n\t<meta name=\"twitter:data1\" content=\"1 min\u00fata\" \/>\n<script type=\"application\/ld+json\" class=\"yoast-schema-graph\">{\"@context\":\"https:\\\/\\\/schema.org\",\"@graph\":[{\"@type\":\"WebPage\",\"@id\":\"https:\\\/\\\/www.knupshoes.com\\\/sk\\\/produkt\\\/model-667m5\\\/\",\"url\":\"https:\\\/\\\/www.knupshoes.com\\\/sk\\\/produkt\\\/model-667m5\\\/\",\"name\":\"Model 667M5 - KnupShoes\",\"isPartOf\":{\"@id\":\"https:\\\/\\\/www.knupshoes.com\\\/sk\\\/#website\"},\"primaryImageOfPage\":{\"@id\":\"https:\\\/\\\/www.knupshoes.com\\\/sk\\\/produkt\\\/model-667m5\\\/#primaryimage\"},\"image\":{\"@id\":\"https:\\\/\\\/www.knupshoes.com\\\/sk\\\/produkt\\\/model-667m5\\\/#primaryimage\"},\"thumbnailUrl\":\"https:\\\/\\\/www.knupshoes.com\\\/sk\\\/wp-content\\\/uploads\\\/2023\\\/06\\\/1416-scaled.jpg\",\"datePublished\":\"2026-03-11T23:00:00+00:00\",\"dateModified\":\"2026-04-10T21:48:56+00:00\",\"description\":\"Obuv e-shop Tenisky Outdoor Turistika Vo\u013eno\u010dasov\u00e1 obuv \u0160portov\u00e1 Obuv Pohodln\u00e1 kvalitn\u00e1 obuv ktor\u00fa pon\u00fakame na na\u0161ej web str\u00e1nke www.knupshoes.com\",\"breadcrumb\":{\"@id\":\"https:\\\/\\\/www.knupshoes.com\\\/sk\\\/produkt\\\/model-667m5\\\/#breadcrumb\"},\"inLanguage\":\"sk-SK\",\"potentialAction\":[{\"@type\":\"ReadAction\",\"target\":[\"https:\\\/\\\/www.knupshoes.com\\\/sk\\\/produkt\\\/model-667m5\\\/\"]}]},{\"@type\":\"ImageObject\",\"inLanguage\":\"sk-SK\",\"@id\":\"https:\\\/\\\/www.knupshoes.com\\\/sk\\\/produkt\\\/model-667m5\\\/#primaryimage\",\"url\":\"https:\\\/\\\/www.knupshoes.com\\\/sk\\\/wp-content\\\/uploads\\\/2023\\\/06\\\/1416-scaled.jpg\",\"contentUrl\":\"https:\\\/\\\/www.knupshoes.com\\\/sk\\\/wp-content\\\/uploads\\\/2023\\\/06\\\/1416-scaled.jpg\",\"width\":2560,\"height\":1920,\"caption\":\"Model 667M5\"},{\"@type\":\"BreadcrumbList\",\"@id\":\"https:\\\/\\\/www.knupshoes.com\\\/sk\\\/produkt\\\/model-667m5\\\/#breadcrumb\",\"itemListElement\":[{\"@type\":\"ListItem\",\"position\":1,\"name\":\"Home\",\"item\":\"https:\\\/\\\/www.knupshoes.com\\\/sk\\\/\"},{\"@type\":\"ListItem\",\"position\":2,\"name\":\"Obchod\",\"item\":\"https:\\\/\\\/www.knupshoes.com\\\/sk\\\/obchode-shop-obuv-tenisky-outdoor-turistika-trekove-tenisky-bezecke-tenisky-volnocasova-obuv-panska-damska-zimna-obuv-zateplena-pohodlna-kvalitna-dostupna-pre-kazdeho-zakaznika\\\/\"},{\"@type\":\"ListItem\",\"position\":3,\"name\":\"Model 667M5\"}]},{\"@type\":\"WebSite\",\"@id\":\"https:\\\/\\\/www.knupshoes.com\\\/sk\\\/#website\",\"url\":\"https:\\\/\\\/www.knupshoes.com\\\/sk\\\/\",\"name\":\"KnupShoes\",\"description\":\"\",\"potentialAction\":[{\"@type\":\"SearchAction\",\"target\":{\"@type\":\"EntryPoint\",\"urlTemplate\":\"https:\\\/\\\/www.knupshoes.com\\\/sk\\\/?s={search_term_string}\"},\"query-input\":{\"@type\":\"PropertyValueSpecification\",\"valueRequired\":true,\"valueName\":\"search_term_string\"}}],\"inLanguage\":\"sk-SK\"}]}<\/script>\n<!-- \/ Yoast SEO plugin. -->","yoast_head_json":{"title":"Model 667M5 - KnupShoes","description":"Obuv e-shop Tenisky Outdoor Turistika Vo\u013eno\u010dasov\u00e1 obuv \u0160portov\u00e1 Obuv Pohodln\u00e1 kvalitn\u00e1 obuv ktor\u00fa pon\u00fakame na na\u0161ej web str\u00e1nke www.knupshoes.com","robots":{"index":"index","follow":"follow","max-snippet":"max-snippet:-1","max-image-preview":"max-image-preview:large","max-video-preview":"max-video-preview:-1"},"canonical":"https:\/\/www.knupshoes.com\/sk\/produkt\/model-667m5\/","og_locale":"sk_SK","og_type":"article","og_title":"Model 667M5 - KnupShoes","og_description":"Obuv e-shop Tenisky Outdoor Turistika Vo\u013eno\u010dasov\u00e1 obuv \u0160portov\u00e1 Obuv Pohodln\u00e1 kvalitn\u00e1 obuv ktor\u00fa pon\u00fakame na na\u0161ej web str\u00e1nke www.knupshoes.com","og_url":"https:\/\/www.knupshoes.com\/sk\/produkt\/model-667m5\/","og_site_name":"KnupShoes","article_modified_time":"2026-04-10T21:48:56+00:00","og_image":[{"width":2560,"height":1920,"url":"https:\/\/www.knupshoes.com\/sk\/wp-content\/uploads\/2023\/06\/1416-scaled.jpg","type":"image\/jpeg"}],"twitter_card":"summary_large_image","twitter_misc":{"Predpokladan\u00fd \u010das \u010d\u00edtania":"1 min\u00fata"},"schema":{"@context":"https:\/\/schema.org","@graph":[{"@type":"WebPage","@id":"https:\/\/www.knupshoes.com\/sk\/produkt\/model-667m5\/","url":"https:\/\/www.knupshoes.com\/sk\/produkt\/model-667m5\/","name":"Model 667M5 - KnupShoes","isPartOf":{"@id":"https:\/\/www.knupshoes.com\/sk\/#website"},"primaryImageOfPage":{"@id":"https:\/\/www.knupshoes.com\/sk\/produkt\/model-667m5\/#primaryimage"},"image":{"@id":"https:\/\/www.knupshoes.com\/sk\/produkt\/model-667m5\/#primaryimage"},"thumbnailUrl":"https:\/\/www.knupshoes.com\/sk\/wp-content\/uploads\/2023\/06\/1416-scaled.jpg","datePublished":"2026-03-11T23:00:00+00:00","dateModified":"2026-04-10T21:48:56+00:00","description":"Obuv e-shop Tenisky Outdoor Turistika Vo\u013eno\u010dasov\u00e1 obuv \u0160portov\u00e1 Obuv Pohodln\u00e1 kvalitn\u00e1 obuv ktor\u00fa pon\u00fakame na na\u0161ej web str\u00e1nke www.knupshoes.com","breadcrumb":{"@id":"https:\/\/www.knupshoes.com\/sk\/produkt\/model-667m5\/#breadcrumb"},"inLanguage":"sk-SK","potentialAction":[{"@type":"ReadAction","target":["https:\/\/www.knupshoes.com\/sk\/produkt\/model-667m5\/"]}]},{"@type":"ImageObject","inLanguage":"sk-SK","@id":"https:\/\/www.knupshoes.com\/sk\/produkt\/model-667m5\/#primaryimage","url":"https:\/\/www.knupshoes.com\/sk\/wp-content\/uploads\/2023\/06\/1416-scaled.jpg","contentUrl":"https:\/\/www.knupshoes.com\/sk\/wp-content\/uploads\/2023\/06\/1416-scaled.jpg","width":2560,"height":1920,"caption":"Model 667M5"},{"@type":"BreadcrumbList","@id":"https:\/\/www.knupshoes.com\/sk\/produkt\/model-667m5\/#breadcrumb","itemListElement":[{"@type":"ListItem","position":1,"name":"Home","item":"https:\/\/www.knupshoes.com\/sk\/"},{"@type":"ListItem","position":2,"name":"Obchod","item":"https:\/\/www.knupshoes.com\/sk\/obchode-shop-obuv-tenisky-outdoor-turistika-trekove-tenisky-bezecke-tenisky-volnocasova-obuv-panska-damska-zimna-obuv-zateplena-pohodlna-kvalitna-dostupna-pre-kazdeho-zakaznika\/"},{"@type":"ListItem","position":3,"name":"Model 667M5"}]},{"@type":"WebSite","@id":"https:\/\/www.knupshoes.com\/sk\/#website","url":"https:\/\/www.knupshoes.com\/sk\/","name":"KnupShoes","description":"","potentialAction":[{"@type":"SearchAction","target":{"@type":"EntryPoint","urlTemplate":"https:\/\/www.knupshoes.com\/sk\/?s={search_term_string}"},"query-input":{"@type":"PropertyValueSpecification","valueRequired":true,"valueName":"search_term_string"}}],"inLanguage":"sk-SK"}]}},"_links":{"self":[{"href":"https:\/\/www.knupshoes.com\/sk\/wp-json\/wp\/v2\/product\/217924","targetHints":{"allow":["GET"]}}],"collection":[{"href":"https:\/\/www.knupshoes.com\/sk\/wp-json\/wp\/v2\/product"}],"about":[{"href":"https:\/\/www.knupshoes.com\/sk\/wp-json\/wp\/v2\/types\/product"}],"replies":[{"embeddable":true,"href":"https:\/\/www.knupshoes.com\/sk\/wp-json\/wp\/v2\/comments?post=217924"}],"wp:featuredmedia":[{"embeddable":true,"href":"https:\/\/www.knupshoes.com\/sk\/wp-json\/wp\/v2\/media\/207529"}],"wp:attachment":[{"href":"https:\/\/www.knupshoes.com\/sk\/wp-json\/wp\/v2\/media?parent=217924"}],"wp:term":[{"taxonomy":"product_brand","embeddable":true,"href":"https:\/\/www.knupshoes.com\/sk\/wp-json\/wp\/v2\/product_brand?post=217924"},{"taxonomy":"product_cat","embeddable":true,"href":"https:\/\/www.knupshoes.com\/sk\/wp-json\/wp\/v2\/product_cat?post=217924"},{"taxonomy":"product_tag","embeddable":true,"href":"https:\/\/www.knupshoes.com\/sk\/wp-json\/wp\/v2\/product_tag?post=217924"}],"curies":[{"name":"wp","href":"https:\/\/api.w.org\/{rel}","templated":true}]}}