{"id":2,"date":"2019-04-13T23:21:46","date_gmt":"2019-04-13T21:21:46","guid":{"rendered":"http:\/\/knupshoes.com\/sk\/?page_id=2"},"modified":"2026-04-01T23:19:21","modified_gmt":"2026-04-01T21:19:21","slug":"2-2","status":"publish","type":"page","link":"https:\/\/www.knupshoes.com\/sk\/","title":{"rendered":""},"content":{"rendered":"\n<p> <\/p>\n\n\n\n<p> <\/p>\n\n\n\n<p> <\/p>\n\n\n\n<p> <\/p>\n\n\n\n<p> <\/p>\n\n\n\n<p> <\/p>\n\n\n\n<p> <\/p>\n","protected":false},"excerpt":{"rendered":"","protected":false},"author":827,"featured_media":24,"parent":0,"menu_order":0,"comment_status":"closed","ping_status":"open","template":"template-homepage.php","meta":{"footnotes":""},"class_list":["post-2","page","type-page","status-publish","has-post-thumbnail","hentry"],"yoast_head":"<!-- This site is optimized with the Yoast SEO plugin v27.4 - https:\/\/yoast.com\/product\/yoast-seo-wordpress\/ -->\n<title>KnupShoes - \u0160portov\u00e1 obuv<\/title>\n<meta name=\"description\" content=\"Tenisky \u0160portov\u00e1, Obuv , Outdoor, Lacn\u00e9, Pohodln\u00e9, V\u0161etky produkty skladom pripraven\u00e9 na odoslanie na nasleduj\u00faci pracovn\u00fd de\u0148 :)\" \/>\n<meta name=\"robots\" content=\"index, follow, max-snippet:-1, max-image-preview:large, max-video-preview:-1\" \/>\n<link rel=\"canonical\" href=\"https:\/\/www.knupshoes.com\/sk\/\" \/>\n<meta property=\"og:locale\" content=\"sk_SK\" \/>\n<meta property=\"og:type\" content=\"article\" \/>\n<meta property=\"og:title\" content=\"KnupShoes - \u0160portov\u00e1 obuv\" \/>\n<meta property=\"og:description\" content=\"Tenisky \u0160portov\u00e1, Obuv , Outdoor, Lacn\u00e9, Pohodln\u00e9, V\u0161etky produkty skladom pripraven\u00e9 na odoslanie na nasleduj\u00faci pracovn\u00fd de\u0148 :)\" \/>\n<meta property=\"og:url\" content=\"https:\/\/www.knupshoes.com\/sk\/\" \/>\n<meta property=\"og:site_name\" content=\"KnupShoes\" \/>\n<meta property=\"article:modified_time\" content=\"2026-04-01T21:19:21+00:00\" \/>\n<meta property=\"og:image\" content=\"https:\/\/www.knupshoes.com\/sk\/wp-content\/uploads\/2019\/04\/palo-noha-1.jpg\" \/>\n\t<meta property=\"og:image:width\" content=\"1920\" \/>\n\t<meta property=\"og:image:height\" content=\"713\" \/>\n\t<meta property=\"og:image:type\" content=\"image\/jpeg\" \/>\n<meta name=\"twitter:card\" content=\"summary_large_image\" \/>\n<meta name=\"twitter:label1\" content=\"Predpokladan\u00fd \u010das \u010d\u00edtania\" \/>\n\t<meta name=\"twitter:data1\" content=\"1 min\u00fata\" \/>\n<script type=\"application\/ld+json\" class=\"yoast-schema-graph\">{\"@context\":\"https:\\\/\\\/schema.org\",\"@graph\":[{\"@type\":[\"Article\",\"SocialMediaPosting\"],\"@id\":\"https:\\\/\\\/www.knupshoes.com\\\/sk\\\/#article\",\"isPartOf\":{\"@id\":\"https:\\\/\\\/www.knupshoes.com\\\/sk\\\/\"},\"author\":{\"name\":\"Peter\",\"@id\":\"https:\\\/\\\/www.knupshoes.com\\\/sk\\\/#\\\/schema\\\/person\\\/ffac1e8b2b627add8b8ee40f5e49d812\"},\"headline\":\"Bez n\u00e1zvu\",\"datePublished\":\"2019-04-13T21:21:46+00:00\",\"dateModified\":\"2026-04-01T21:19:21+00:00\",\"mainEntityOfPage\":{\"@id\":\"https:\\\/\\\/www.knupshoes.com\\\/sk\\\/\"},\"wordCount\":0,\"image\":{\"@id\":\"https:\\\/\\\/www.knupshoes.com\\\/sk\\\/#primaryimage\"},\"thumbnailUrl\":\"https:\\\/\\\/www.knupshoes.com\\\/sk\\\/wp-content\\\/uploads\\\/2019\\\/04\\\/palo-noha-1.jpg\",\"inLanguage\":\"sk-SK\"},{\"@type\":\"WebPage\",\"@id\":\"https:\\\/\\\/www.knupshoes.com\\\/sk\\\/\",\"url\":\"https:\\\/\\\/www.knupshoes.com\\\/sk\\\/\",\"name\":\"KnupShoes - \u0160portov\u00e1 obuv\",\"isPartOf\":{\"@id\":\"https:\\\/\\\/www.knupshoes.com\\\/sk\\\/#website\"},\"primaryImageOfPage\":{\"@id\":\"https:\\\/\\\/www.knupshoes.com\\\/sk\\\/#primaryimage\"},\"image\":{\"@id\":\"https:\\\/\\\/www.knupshoes.com\\\/sk\\\/#primaryimage\"},\"thumbnailUrl\":\"https:\\\/\\\/www.knupshoes.com\\\/sk\\\/wp-content\\\/uploads\\\/2019\\\/04\\\/palo-noha-1.jpg\",\"datePublished\":\"2019-04-13T21:21:46+00:00\",\"dateModified\":\"2026-04-01T21:19:21+00:00\",\"description\":\"Tenisky \u0160portov\u00e1, Obuv , Outdoor, Lacn\u00e9, Pohodln\u00e9, V\u0161etky produkty skladom pripraven\u00e9 na odoslanie na nasleduj\u00faci pracovn\u00fd de\u0148 :)\",\"inLanguage\":\"sk-SK\",\"potentialAction\":[{\"@type\":\"ReadAction\",\"target\":[\"https:\\\/\\\/www.knupshoes.com\\\/sk\\\/\"]}]},{\"@type\":\"ImageObject\",\"inLanguage\":\"sk-SK\",\"@id\":\"https:\\\/\\\/www.knupshoes.com\\\/sk\\\/#primaryimage\",\"url\":\"https:\\\/\\\/www.knupshoes.com\\\/sk\\\/wp-content\\\/uploads\\\/2019\\\/04\\\/palo-noha-1.jpg\",\"contentUrl\":\"https:\\\/\\\/www.knupshoes.com\\\/sk\\\/wp-content\\\/uploads\\\/2019\\\/04\\\/palo-noha-1.jpg\",\"width\":1920,\"height\":713},{\"@type\":\"WebSite\",\"@id\":\"https:\\\/\\\/www.knupshoes.com\\\/sk\\\/#website\",\"url\":\"https:\\\/\\\/www.knupshoes.com\\\/sk\\\/\",\"name\":\"KnupShoes\",\"description\":\"\",\"potentialAction\":[{\"@type\":\"SearchAction\",\"target\":{\"@type\":\"EntryPoint\",\"urlTemplate\":\"https:\\\/\\\/www.knupshoes.com\\\/sk\\\/?s={search_term_string}\"},\"query-input\":{\"@type\":\"PropertyValueSpecification\",\"valueRequired\":true,\"valueName\":\"search_term_string\"}}],\"inLanguage\":\"sk-SK\"},{\"@type\":\"Person\",\"@id\":\"https:\\\/\\\/www.knupshoes.com\\\/sk\\\/#\\\/schema\\\/person\\\/ffac1e8b2b627add8b8ee40f5e49d812\",\"name\":\"Peter\",\"image\":{\"@type\":\"ImageObject\",\"inLanguage\":\"sk-SK\",\"@id\":\"https:\\\/\\\/secure.gravatar.com\\\/avatar\\\/d652467d45ae4731ea32051b3603763733e1016563e3da5d9c4ad5922bc22304?s=96&d=mm&r=g\",\"url\":\"https:\\\/\\\/secure.gravatar.com\\\/avatar\\\/d652467d45ae4731ea32051b3603763733e1016563e3da5d9c4ad5922bc22304?s=96&d=mm&r=g\",\"contentUrl\":\"https:\\\/\\\/secure.gravatar.com\\\/avatar\\\/d652467d45ae4731ea32051b3603763733e1016563e3da5d9c4ad5922bc22304?s=96&d=mm&r=g\",\"caption\":\"Peter\"}}]}<\/script>\n<!-- \/ Yoast SEO plugin. -->","yoast_head_json":{"title":"KnupShoes - \u0160portov\u00e1 obuv","description":"Tenisky \u0160portov\u00e1, Obuv , Outdoor, Lacn\u00e9, Pohodln\u00e9, V\u0161etky produkty skladom pripraven\u00e9 na odoslanie na nasleduj\u00faci pracovn\u00fd de\u0148 :)","robots":{"index":"index","follow":"follow","max-snippet":"max-snippet:-1","max-image-preview":"max-image-preview:large","max-video-preview":"max-video-preview:-1"},"canonical":"https:\/\/www.knupshoes.com\/sk\/","og_locale":"sk_SK","og_type":"article","og_title":"KnupShoes - \u0160portov\u00e1 obuv","og_description":"Tenisky \u0160portov\u00e1, Obuv , Outdoor, Lacn\u00e9, Pohodln\u00e9, V\u0161etky produkty skladom pripraven\u00e9 na odoslanie na nasleduj\u00faci pracovn\u00fd de\u0148 :)","og_url":"https:\/\/www.knupshoes.com\/sk\/","og_site_name":"KnupShoes","article_modified_time":"2026-04-01T21:19:21+00:00","og_image":[{"width":1920,"height":713,"url":"https:\/\/www.knupshoes.com\/sk\/wp-content\/uploads\/2019\/04\/palo-noha-1.jpg","type":"image\/jpeg"}],"twitter_card":"summary_large_image","twitter_misc":{"Predpokladan\u00fd \u010das \u010d\u00edtania":"1 min\u00fata"},"schema":{"@context":"https:\/\/schema.org","@graph":[{"@type":["Article","SocialMediaPosting"],"@id":"https:\/\/www.knupshoes.com\/sk\/#article","isPartOf":{"@id":"https:\/\/www.knupshoes.com\/sk\/"},"author":{"name":"Peter","@id":"https:\/\/www.knupshoes.com\/sk\/#\/schema\/person\/ffac1e8b2b627add8b8ee40f5e49d812"},"headline":"Bez n\u00e1zvu","datePublished":"2019-04-13T21:21:46+00:00","dateModified":"2026-04-01T21:19:21+00:00","mainEntityOfPage":{"@id":"https:\/\/www.knupshoes.com\/sk\/"},"wordCount":0,"image":{"@id":"https:\/\/www.knupshoes.com\/sk\/#primaryimage"},"thumbnailUrl":"https:\/\/www.knupshoes.com\/sk\/wp-content\/uploads\/2019\/04\/palo-noha-1.jpg","inLanguage":"sk-SK"},{"@type":"WebPage","@id":"https:\/\/www.knupshoes.com\/sk\/","url":"https:\/\/www.knupshoes.com\/sk\/","name":"KnupShoes - \u0160portov\u00e1 obuv","isPartOf":{"@id":"https:\/\/www.knupshoes.com\/sk\/#website"},"primaryImageOfPage":{"@id":"https:\/\/www.knupshoes.com\/sk\/#primaryimage"},"image":{"@id":"https:\/\/www.knupshoes.com\/sk\/#primaryimage"},"thumbnailUrl":"https:\/\/www.knupshoes.com\/sk\/wp-content\/uploads\/2019\/04\/palo-noha-1.jpg","datePublished":"2019-04-13T21:21:46+00:00","dateModified":"2026-04-01T21:19:21+00:00","description":"Tenisky \u0160portov\u00e1, Obuv , Outdoor, Lacn\u00e9, Pohodln\u00e9, V\u0161etky produkty skladom pripraven\u00e9 na odoslanie na nasleduj\u00faci pracovn\u00fd de\u0148 :)","inLanguage":"sk-SK","potentialAction":[{"@type":"ReadAction","target":["https:\/\/www.knupshoes.com\/sk\/"]}]},{"@type":"ImageObject","inLanguage":"sk-SK","@id":"https:\/\/www.knupshoes.com\/sk\/#primaryimage","url":"https:\/\/www.knupshoes.com\/sk\/wp-content\/uploads\/2019\/04\/palo-noha-1.jpg","contentUrl":"https:\/\/www.knupshoes.com\/sk\/wp-content\/uploads\/2019\/04\/palo-noha-1.jpg","width":1920,"height":713},{"@type":"WebSite","@id":"https:\/\/www.knupshoes.com\/sk\/#website","url":"https:\/\/www.knupshoes.com\/sk\/","name":"KnupShoes","description":"","potentialAction":[{"@type":"SearchAction","target":{"@type":"EntryPoint","urlTemplate":"https:\/\/www.knupshoes.com\/sk\/?s={search_term_string}"},"query-input":{"@type":"PropertyValueSpecification","valueRequired":true,"valueName":"search_term_string"}}],"inLanguage":"sk-SK"},{"@type":"Person","@id":"https:\/\/www.knupshoes.com\/sk\/#\/schema\/person\/ffac1e8b2b627add8b8ee40f5e49d812","name":"Peter","image":{"@type":"ImageObject","inLanguage":"sk-SK","@id":"https:\/\/secure.gravatar.com\/avatar\/d652467d45ae4731ea32051b3603763733e1016563e3da5d9c4ad5922bc22304?s=96&d=mm&r=g","url":"https:\/\/secure.gravatar.com\/avatar\/d652467d45ae4731ea32051b3603763733e1016563e3da5d9c4ad5922bc22304?s=96&d=mm&r=g","contentUrl":"https:\/\/secure.gravatar.com\/avatar\/d652467d45ae4731ea32051b3603763733e1016563e3da5d9c4ad5922bc22304?s=96&d=mm&r=g","caption":"Peter"}}]}},"_links":{"self":[{"href":"https:\/\/www.knupshoes.com\/sk\/wp-json\/wp\/v2\/pages\/2","targetHints":{"allow":["GET"]}}],"collection":[{"href":"https:\/\/www.knupshoes.com\/sk\/wp-json\/wp\/v2\/pages"}],"about":[{"href":"https:\/\/www.knupshoes.com\/sk\/wp-json\/wp\/v2\/types\/page"}],"author":[{"embeddable":true,"href":"https:\/\/www.knupshoes.com\/sk\/wp-json\/wp\/v2\/users\/827"}],"replies":[{"embeddable":true,"href":"https:\/\/www.knupshoes.com\/sk\/wp-json\/wp\/v2\/comments?post=2"}],"version-history":[{"count":6,"href":"https:\/\/www.knupshoes.com\/sk\/wp-json\/wp\/v2\/pages\/2\/revisions"}],"predecessor-version":[{"id":223562,"href":"https:\/\/www.knupshoes.com\/sk\/wp-json\/wp\/v2\/pages\/2\/revisions\/223562"}],"wp:featuredmedia":[{"embeddable":true,"href":"https:\/\/www.knupshoes.com\/sk\/wp-json\/wp\/v2\/media\/24"}],"wp:attachment":[{"href":"https:\/\/www.knupshoes.com\/sk\/wp-json\/wp\/v2\/media?parent=2"}],"curies":[{"name":"wp","href":"https:\/\/api.w.org\/{rel}","templated":true}]}}